{"id":2,"date":"2016-05-10T03:48:21","date_gmt":"2016-05-10T03:48:21","guid":{"rendered":"http:\/\/modotriciclo.com\/?page_id=2"},"modified":"2025-07-18T11:24:39","modified_gmt":"2025-07-18T11:24:39","slug":"sample-page","status":"publish","type":"page","link":"https:\/\/modotriciclo.com\/?page_id=2","title":{"rendered":"Acerca De"},"content":{"rendered":"\n<p><strong>\u00bfPor qu\u00e9 \u00abModo Triciclo\u00bb?<\/strong><\/p>\n\n\n\n<p>El triciclo es un veh\u00edculo simple, pero poderoso. Requiere de tres ruedas para avanzar de forma estable. A nosotros nos gusta pensar en esas tres ruedas como la <strong>sostenibilidad<\/strong>, la <strong>innovaci\u00f3n<\/strong> y los <strong>negocios<\/strong>.<\/p>\n\n\n\n<p><strong>Modo Triciclo<\/strong> nace de la convicci\u00f3n de que el progreso verdadero no es solo sobre velocidad, sino sobre equilibrio. Ya no es suficiente con que los negocios sean rentables; tambi\u00e9n deben ser sostenibles e innovadores.<\/p>\n\n\n\n<p>En este podcast, nos dedicamos a desmitificar la sostenibilidad, mostr\u00e1ndote que no es un costo extra, sino una ventaja competitiva. A trav\u00e9s de conversaciones con l\u00edderes y visionarios, exploramos c\u00f3mo la innovaci\u00f3n es la clave para crear negocios que resuelven los grandes desaf\u00edos de hoy, mientras construyen el futuro que todos queremos.<\/p>\n\n\n\n<p>Si te apasiona el emprendimiento con prop\u00f3sito, la tecnolog\u00eda que mejora vidas y las estrategias de negocio que respetan el planeta, has llegado al lugar correcto.<\/p>\n\n\n\n<p>S\u00fabete con nosotros a este triciclo y descubre c\u00f3mo la econom\u00eda del futuro ya est\u00e1 en movimiento.<\/p>\n\n\n\n<p><\/p>\n","protected":false},"excerpt":{"rendered":"<p>\u00bfPor qu\u00e9 \u00abModo Triciclo\u00bb? El triciclo es un veh\u00edculo simple, pero poderoso. Requiere de tres ruedas para avanzar de forma estable. A nosotros nos gusta pensar en esas tres ruedas como la sostenibilidad, la innovaci\u00f3n y los negocios. Modo Triciclo nace de la convicci\u00f3n de que el progreso verdadero no es solo sobre velocidad, sino [&hellip;]<\/p>\n","protected":false},"author":1,"featured_media":0,"parent":0,"menu_order":0,"comment_status":"closed","ping_status":"open","template":"","meta":{"footnotes":""},"class_list":["post-2","page","type-page","status-publish","hentry"],"_links":{"self":[{"href":"https:\/\/modotriciclo.com\/index.php?rest_route=\/wp\/v2\/pages\/2","targetHints":{"allow":["GET"]}}],"collection":[{"href":"https:\/\/modotriciclo.com\/index.php?rest_route=\/wp\/v2\/pages"}],"about":[{"href":"https:\/\/modotriciclo.com\/index.php?rest_route=\/wp\/v2\/types\/page"}],"author":[{"embeddable":true,"href":"https:\/\/modotriciclo.com\/index.php?rest_route=\/wp\/v2\/users\/1"}],"replies":[{"embeddable":true,"href":"https:\/\/modotriciclo.com\/index.php?rest_route=%2Fwp%2Fv2%2Fcomments&post=2"}],"version-history":[{"count":2,"href":"https:\/\/modotriciclo.com\/index.php?rest_route=\/wp\/v2\/pages\/2\/revisions"}],"predecessor-version":[{"id":17,"href":"https:\/\/modotriciclo.com\/index.php?rest_route=\/wp\/v2\/pages\/2\/revisions\/17"}],"wp:attachment":[{"href":"https:\/\/modotriciclo.com\/index.php?rest_route=%2Fwp%2Fv2%2Fmedia&parent=2"}],"curies":[{"name":"wp","href":"https:\/\/api.w.org\/{rel}","templated":true}]}}